{"id":30,"date":"2025-06-24T16:46:39","date_gmt":"2025-06-24T14:46:39","guid":{"rendered":"https:\/\/bastidesderoquemaure.fr\/index.php\/services\/"},"modified":"2025-06-26T11:12:25","modified_gmt":"2025-06-26T09:12:25","slug":"services","status":"publish","type":"page","link":"https:\/\/bastidesderoquemaure.fr\/index.php\/services\/","title":{"rendered":"Ev\u00e9nement"},"content":{"rendered":"<p><img decoding=\"async\" class=\"alignnone size-medium wp-image-123\" src=\"https:\/\/bastidesderoquemaure.fr\/wp-content\/uploads\/2025\/06\/VIGNOBLE-10.jpg\" alt=\"\" width=\"1\" height=\"1\" \/>Professionnels:<\/p>\n<p>un cadre id\u00e9al pour vos \u00e9v\u00e8nements d&rsquo;entreprise en pleine campagne\u00a0<\/p>\n<p>SEMINAIRES-TEAM BUILDINGS\u00a0<\/p>\n\n\n<p class=\"has-normal-font-size\">Des g\u00eetes enti\u00e8rement privatis\u00e9<\/p>\n","protected":false},"excerpt":{"rendered":"<p>Professionnels: un cadre id\u00e9al pour vos \u00e9v\u00e8nements d&rsquo;entreprise en pleine campagne\u00a0 SEMINAIRES-TEAM BUILDINGS\u00a0 Des g\u00eetes enti\u00e8rement privatis\u00e9<\/p>\n","protected":false},"author":1,"featured_media":0,"parent":0,"menu_order":0,"comment_status":"closed","ping_status":"closed","template":"","meta":{"footnotes":""},"class_list":["post-30","page","type-page","status-publish","hentry"],"_links":{"self":[{"href":"https:\/\/bastidesderoquemaure.fr\/index.php\/wp-json\/wp\/v2\/pages\/30","targetHints":{"allow":["GET"]}}],"collection":[{"href":"https:\/\/bastidesderoquemaure.fr\/index.php\/wp-json\/wp\/v2\/pages"}],"about":[{"href":"https:\/\/bastidesderoquemaure.fr\/index.php\/wp-json\/wp\/v2\/types\/page"}],"author":[{"embeddable":true,"href":"https:\/\/bastidesderoquemaure.fr\/index.php\/wp-json\/wp\/v2\/users\/1"}],"replies":[{"embeddable":true,"href":"https:\/\/bastidesderoquemaure.fr\/index.php\/wp-json\/wp\/v2\/comments?post=30"}],"version-history":[{"count":3,"href":"https:\/\/bastidesderoquemaure.fr\/index.php\/wp-json\/wp\/v2\/pages\/30\/revisions"}],"predecessor-version":[{"id":198,"href":"https:\/\/bastidesderoquemaure.fr\/index.php\/wp-json\/wp\/v2\/pages\/30\/revisions\/198"}],"wp:attachment":[{"href":"https:\/\/bastidesderoquemaure.fr\/index.php\/wp-json\/wp\/v2\/media?parent=30"}],"curies":[{"name":"wp","href":"https:\/\/api.w.org\/{rel}","templated":true}]}}