{"id":233,"date":"2025-06-26T11:47:42","date_gmt":"2025-06-26T09:47:42","guid":{"rendered":"https:\/\/bastidesderoquemaure.fr\/?page_id=233"},"modified":"2025-06-27T12:07:34","modified_gmt":"2025-06-27T10:07:34","slug":"professionnels","status":"publish","type":"page","link":"https:\/\/bastidesderoquemaure.fr\/index.php\/professionnels\/","title":{"rendered":"Professionnels"},"content":{"rendered":"\n<p class=\"has-text-align-center\"><strong>un cadre id\u00e9al pour vos \u00e9v\u00e8nement d&rsquo;entreprise en pleine campagne <\/strong><\/p>\n\n\n\n<p class=\"has-text-align-center\">SEMINAIRE &#8211; TEAM BUILDING<\/p>\n\n\n\n<p><\/p>\n\n\n\n<p>Des g\u00eetes enti\u00e8rement privatis\u00e9s les Bastides de Roquemaure offrent un cadre calme et inspirant parfait pour organiser un s\u00e9minaires et \u00e9v\u00e8nement d&rsquo;entreprise. Le lieu allie confort, convivialit\u00e9 et espaces propices au travail et au team building, id\u00e9al pour renforcer la coh\u00e9sion d&rsquo;\u00e9quipe en pleine nature<\/p>\n\n\n\n<figure class=\"wp-block-image size-large\"><img fetchpriority=\"high\" decoding=\"async\" width=\"1024\" height=\"256\" src=\"https:\/\/bastidesderoquemaure.fr\/wp-content\/uploads\/2025\/06\/A-letage3-1-1024x256.png\" alt=\"\" class=\"wp-image-347\" srcset=\"https:\/\/bastidesderoquemaure.fr\/wp-content\/uploads\/2025\/06\/A-letage3-1-1024x256.png 1024w, https:\/\/bastidesderoquemaure.fr\/wp-content\/uploads\/2025\/06\/A-letage3-1-300x75.png 300w, https:\/\/bastidesderoquemaure.fr\/wp-content\/uploads\/2025\/06\/A-letage3-1-768x192.png 768w, https:\/\/bastidesderoquemaure.fr\/wp-content\/uploads\/2025\/06\/A-letage3-1-1536x384.png 1536w, https:\/\/bastidesderoquemaure.fr\/wp-content\/uploads\/2025\/06\/A-letage3-1-359x90.png 359w, https:\/\/bastidesderoquemaure.fr\/wp-content\/uploads\/2025\/06\/A-letage3-1.png 1584w\" sizes=\"(max-width: 1024px) 100vw, 1024px\" \/><\/figure>\n","protected":false},"excerpt":{"rendered":"<p>un cadre id\u00e9al pour vos \u00e9v\u00e8nement d&rsquo;entreprise en pleine campagne SEMINAIRE &#8211; TEAM BUILDING Des g\u00eetes enti\u00e8rement privatis\u00e9s les Bastides de Roquemaure offrent un cadre &hellip;<\/p>\n","protected":false},"author":1,"featured_media":344,"parent":0,"menu_order":0,"comment_status":"closed","ping_status":"closed","template":"","meta":{"footnotes":""},"class_list":["post-233","page","type-page","status-publish","has-post-thumbnail","hentry"],"_links":{"self":[{"href":"https:\/\/bastidesderoquemaure.fr\/index.php\/wp-json\/wp\/v2\/pages\/233","targetHints":{"allow":["GET"]}}],"collection":[{"href":"https:\/\/bastidesderoquemaure.fr\/index.php\/wp-json\/wp\/v2\/pages"}],"about":[{"href":"https:\/\/bastidesderoquemaure.fr\/index.php\/wp-json\/wp\/v2\/types\/page"}],"author":[{"embeddable":true,"href":"https:\/\/bastidesderoquemaure.fr\/index.php\/wp-json\/wp\/v2\/users\/1"}],"replies":[{"embeddable":true,"href":"https:\/\/bastidesderoquemaure.fr\/index.php\/wp-json\/wp\/v2\/comments?post=233"}],"version-history":[{"count":4,"href":"https:\/\/bastidesderoquemaure.fr\/index.php\/wp-json\/wp\/v2\/pages\/233\/revisions"}],"predecessor-version":[{"id":355,"href":"https:\/\/bastidesderoquemaure.fr\/index.php\/wp-json\/wp\/v2\/pages\/233\/revisions\/355"}],"wp:featuredmedia":[{"embeddable":true,"href":"https:\/\/bastidesderoquemaure.fr\/index.php\/wp-json\/wp\/v2\/media\/344"}],"wp:attachment":[{"href":"https:\/\/bastidesderoquemaure.fr\/index.php\/wp-json\/wp\/v2\/media?parent=233"}],"curies":[{"name":"wp","href":"https:\/\/api.w.org\/{rel}","templated":true}]}}