{"id":230,"date":"2025-06-26T11:47:42","date_gmt":"2025-06-26T09:47:42","guid":{"rendered":"https:\/\/bastidesderoquemaure.fr\/?page_id=230"},"modified":"2025-06-27T11:50:58","modified_gmt":"2025-06-27T09:50:58","slug":"le-pastel","status":"publish","type":"page","link":"https:\/\/bastidesderoquemaure.fr\/index.php\/le-pastel\/","title":{"rendered":"Le Pastel"},"content":{"rendered":"\n<p>\u00ab\u00a0Le Pastel\u00a0\u00bb est un appartement situ\u00e9 au premier \u00e9tage d&rsquo;une construction typique des maisons de ma\u00eetre toulousaines, un endroit o\u00f9 se rencontrent raffinement et prestige. Situ\u00e9 dans un environnement exceptionnel, au point culminant de la commune, surplombant la rivi\u00e8re du Tarn, les invit\u00e9s profiteront d\u2019une vue exceptionnelle sur une grande partie de la cha\u00eene des Pyr\u00e9n\u00e9es. Il peut accueillir confortablement 2 personnes.<br><\/p>\n\n\n\n<figure class=\"wp-block-image size-large\"><img fetchpriority=\"high\" decoding=\"async\" width=\"1024\" height=\"256\" src=\"https:\/\/bastidesderoquemaure.fr\/wp-content\/uploads\/2025\/06\/A-letage7-1024x256.png\" alt=\"\" class=\"wp-image-321\" srcset=\"https:\/\/bastidesderoquemaure.fr\/wp-content\/uploads\/2025\/06\/A-letage7-1024x256.png 1024w, https:\/\/bastidesderoquemaure.fr\/wp-content\/uploads\/2025\/06\/A-letage7-300x75.png 300w, https:\/\/bastidesderoquemaure.fr\/wp-content\/uploads\/2025\/06\/A-letage7-768x192.png 768w, https:\/\/bastidesderoquemaure.fr\/wp-content\/uploads\/2025\/06\/A-letage7-1536x384.png 1536w, https:\/\/bastidesderoquemaure.fr\/wp-content\/uploads\/2025\/06\/A-letage7-359x90.png 359w, https:\/\/bastidesderoquemaure.fr\/wp-content\/uploads\/2025\/06\/A-letage7.png 1584w\" sizes=\"(max-width: 1024px) 100vw, 1024px\" \/><\/figure>\n\n\n\n<p class=\"has-text-align-center\">D\u00c9MARRER VOTRE VISITE<\/p>\n\n\n\n<figure class=\"wp-block-image size-large\"><img decoding=\"async\" width=\"1024\" height=\"256\" src=\"https:\/\/bastidesderoquemaure.fr\/wp-content\/uploads\/2025\/06\/A-letage2-1-1024x256.png\" alt=\"\" class=\"wp-image-339\" srcset=\"https:\/\/bastidesderoquemaure.fr\/wp-content\/uploads\/2025\/06\/A-letage2-1-1024x256.png 1024w, https:\/\/bastidesderoquemaure.fr\/wp-content\/uploads\/2025\/06\/A-letage2-1-300x75.png 300w, https:\/\/bastidesderoquemaure.fr\/wp-content\/uploads\/2025\/06\/A-letage2-1-768x192.png 768w, https:\/\/bastidesderoquemaure.fr\/wp-content\/uploads\/2025\/06\/A-letage2-1-1536x384.png 1536w, https:\/\/bastidesderoquemaure.fr\/wp-content\/uploads\/2025\/06\/A-letage2-1-359x90.png 359w, https:\/\/bastidesderoquemaure.fr\/wp-content\/uploads\/2025\/06\/A-letage2-1.png 1584w\" sizes=\"(max-width: 1024px) 100vw, 1024px\" \/><\/figure>\n\n\n\n<figure class=\"wp-block-image size-large\"><img decoding=\"async\" width=\"1024\" height=\"256\" src=\"https:\/\/bastidesderoquemaure.fr\/wp-content\/uploads\/2025\/06\/A-letage6-1024x256.png\" alt=\"\" class=\"wp-image-315\" srcset=\"https:\/\/bastidesderoquemaure.fr\/wp-content\/uploads\/2025\/06\/A-letage6-1024x256.png 1024w, https:\/\/bastidesderoquemaure.fr\/wp-content\/uploads\/2025\/06\/A-letage6-300x75.png 300w, https:\/\/bastidesderoquemaure.fr\/wp-content\/uploads\/2025\/06\/A-letage6-768x192.png 768w, https:\/\/bastidesderoquemaure.fr\/wp-content\/uploads\/2025\/06\/A-letage6-1536x384.png 1536w, https:\/\/bastidesderoquemaure.fr\/wp-content\/uploads\/2025\/06\/A-letage6-359x90.png 359w, https:\/\/bastidesderoquemaure.fr\/wp-content\/uploads\/2025\/06\/A-letage6.png 1584w\" sizes=\"(max-width: 1024px) 100vw, 1024px\" \/><\/figure>\n","protected":false},"excerpt":{"rendered":"<p>\u00ab\u00a0Le Pastel\u00a0\u00bb est un appartement situ\u00e9 au premier \u00e9tage d&rsquo;une construction typique des maisons de ma\u00eetre toulousaines, un endroit o\u00f9 se rencontrent raffinement et prestige. &hellip;<\/p>\n","protected":false},"author":1,"featured_media":320,"parent":0,"menu_order":0,"comment_status":"closed","ping_status":"closed","template":"","meta":{"footnotes":""},"class_list":["post-230","page","type-page","status-publish","has-post-thumbnail","hentry"],"_links":{"self":[{"href":"https:\/\/bastidesderoquemaure.fr\/index.php\/wp-json\/wp\/v2\/pages\/230","targetHints":{"allow":["GET"]}}],"collection":[{"href":"https:\/\/bastidesderoquemaure.fr\/index.php\/wp-json\/wp\/v2\/pages"}],"about":[{"href":"https:\/\/bastidesderoquemaure.fr\/index.php\/wp-json\/wp\/v2\/types\/page"}],"author":[{"embeddable":true,"href":"https:\/\/bastidesderoquemaure.fr\/index.php\/wp-json\/wp\/v2\/users\/1"}],"replies":[{"embeddable":true,"href":"https:\/\/bastidesderoquemaure.fr\/index.php\/wp-json\/wp\/v2\/comments?post=230"}],"version-history":[{"count":4,"href":"https:\/\/bastidesderoquemaure.fr\/index.php\/wp-json\/wp\/v2\/pages\/230\/revisions"}],"predecessor-version":[{"id":340,"href":"https:\/\/bastidesderoquemaure.fr\/index.php\/wp-json\/wp\/v2\/pages\/230\/revisions\/340"}],"wp:featuredmedia":[{"embeddable":true,"href":"https:\/\/bastidesderoquemaure.fr\/index.php\/wp-json\/wp\/v2\/media\/320"}],"wp:attachment":[{"href":"https:\/\/bastidesderoquemaure.fr\/index.php\/wp-json\/wp\/v2\/media?parent=230"}],"curies":[{"name":"wp","href":"https:\/\/api.w.org\/{rel}","templated":true}]}}