{"id":222,"date":"2025-06-26T11:39:33","date_gmt":"2025-06-26T09:39:33","guid":{"rendered":"https:\/\/bastidesderoquemaure.fr\/?page_id=222"},"modified":"2025-06-27T10:56:44","modified_gmt":"2025-06-27T08:56:44","slug":"le-cathare","status":"publish","type":"page","link":"https:\/\/bastidesderoquemaure.fr\/index.php\/le-cathare\/","title":{"rendered":"Le Cathare"},"content":{"rendered":"\n<p>\u00ab\u00a0Le Cathare\u00a0\u00bb est une construction en briquettes, typique des maisons de ma\u00eetre toulousaines, un endroit o\u00f9 se rencontrent raffinement et prestige. Situ\u00e9 dans un environnement exceptionnel, au point culminant de la commune, surplombant la rivi\u00e8re du Tarn, vous profiterez d\u2019une vue exceptionnelle sur une grande partie de la cha\u00eene des Pyr\u00e9n\u00e9es. Elle peut accueillir confortablement 10 personnes (8 adultes maximum).<\/p>\n\n\n\n<figure class=\"wp-block-image size-large\"><img fetchpriority=\"high\" decoding=\"async\" width=\"1024\" height=\"256\" src=\"https:\/\/bastidesderoquemaure.fr\/wp-content\/uploads\/2025\/06\/CATHAREEEEEEEEEEEEEEEEEEConcordia-1024x256.png\" alt=\"\" class=\"wp-image-300\" srcset=\"https:\/\/bastidesderoquemaure.fr\/wp-content\/uploads\/2025\/06\/CATHAREEEEEEEEEEEEEEEEEEConcordia-1024x256.png 1024w, https:\/\/bastidesderoquemaure.fr\/wp-content\/uploads\/2025\/06\/CATHAREEEEEEEEEEEEEEEEEEConcordia-300x75.png 300w, https:\/\/bastidesderoquemaure.fr\/wp-content\/uploads\/2025\/06\/CATHAREEEEEEEEEEEEEEEEEEConcordia-768x192.png 768w, https:\/\/bastidesderoquemaure.fr\/wp-content\/uploads\/2025\/06\/CATHAREEEEEEEEEEEEEEEEEEConcordia-1536x384.png 1536w, https:\/\/bastidesderoquemaure.fr\/wp-content\/uploads\/2025\/06\/CATHAREEEEEEEEEEEEEEEEEEConcordia-359x90.png 359w, https:\/\/bastidesderoquemaure.fr\/wp-content\/uploads\/2025\/06\/CATHAREEEEEEEEEEEEEEEEEEConcordia.png 1584w\" sizes=\"(max-width: 1024px) 100vw, 1024px\" \/><\/figure>\n\n\n\n<p><\/p>\n\n\n\n<p><\/p>\n\n\n\n<p><\/p>\n\n\n\n<figure class=\"wp-block-image size-large\"><img decoding=\"async\" width=\"1024\" height=\"256\" src=\"https:\/\/bastidesderoquemaure.fr\/wp-content\/uploads\/2025\/06\/Aletage-cathare-1024x256.png\" alt=\"\" class=\"wp-image-289\" srcset=\"https:\/\/bastidesderoquemaure.fr\/wp-content\/uploads\/2025\/06\/Aletage-cathare-1024x256.png 1024w, https:\/\/bastidesderoquemaure.fr\/wp-content\/uploads\/2025\/06\/Aletage-cathare-300x75.png 300w, https:\/\/bastidesderoquemaure.fr\/wp-content\/uploads\/2025\/06\/Aletage-cathare-768x192.png 768w, https:\/\/bastidesderoquemaure.fr\/wp-content\/uploads\/2025\/06\/Aletage-cathare-1536x384.png 1536w, https:\/\/bastidesderoquemaure.fr\/wp-content\/uploads\/2025\/06\/Aletage-cathare-359x90.png 359w, https:\/\/bastidesderoquemaure.fr\/wp-content\/uploads\/2025\/06\/Aletage-cathare.png 1584w\" sizes=\"(max-width: 1024px) 100vw, 1024px\" \/><\/figure>\n\n\n\n<figure class=\"wp-block-image size-large\"><img decoding=\"async\" width=\"1024\" height=\"256\" src=\"https:\/\/bastidesderoquemaure.fr\/wp-content\/uploads\/2025\/06\/catharerezchausseeee-1024x256.png\" alt=\"\" class=\"wp-image-290\" srcset=\"https:\/\/bastidesderoquemaure.fr\/wp-content\/uploads\/2025\/06\/catharerezchausseeee-1024x256.png 1024w, https:\/\/bastidesderoquemaure.fr\/wp-content\/uploads\/2025\/06\/catharerezchausseeee-300x75.png 300w, https:\/\/bastidesderoquemaure.fr\/wp-content\/uploads\/2025\/06\/catharerezchausseeee-768x192.png 768w, https:\/\/bastidesderoquemaure.fr\/wp-content\/uploads\/2025\/06\/catharerezchausseeee-1536x384.png 1536w, https:\/\/bastidesderoquemaure.fr\/wp-content\/uploads\/2025\/06\/catharerezchausseeee-359x90.png 359w, https:\/\/bastidesderoquemaure.fr\/wp-content\/uploads\/2025\/06\/catharerezchausseeee.png 1584w\" sizes=\"(max-width: 1024px) 100vw, 1024px\" \/><\/figure>\n\n\n\n<figure class=\"wp-block-image size-large\"><img loading=\"lazy\" decoding=\"async\" width=\"1024\" height=\"256\" src=\"https:\/\/bastidesderoquemaure.fr\/wp-content\/uploads\/2025\/06\/cathareexterieur-1024x256.png\" alt=\"\" class=\"wp-image-292\" srcset=\"https:\/\/bastidesderoquemaure.fr\/wp-content\/uploads\/2025\/06\/cathareexterieur-1024x256.png 1024w, https:\/\/bastidesderoquemaure.fr\/wp-content\/uploads\/2025\/06\/cathareexterieur-300x75.png 300w, https:\/\/bastidesderoquemaure.fr\/wp-content\/uploads\/2025\/06\/cathareexterieur-768x192.png 768w, https:\/\/bastidesderoquemaure.fr\/wp-content\/uploads\/2025\/06\/cathareexterieur-1536x384.png 1536w, https:\/\/bastidesderoquemaure.fr\/wp-content\/uploads\/2025\/06\/cathareexterieur-359x90.png 359w, https:\/\/bastidesderoquemaure.fr\/wp-content\/uploads\/2025\/06\/cathareexterieur.png 1584w\" sizes=\"(max-width: 1024px) 100vw, 1024px\" \/><\/figure>\n","protected":false},"excerpt":{"rendered":"<p>\u00ab\u00a0Le Cathare\u00a0\u00bb est une construction en briquettes, typique des maisons de ma\u00eetre toulousaines, un endroit o\u00f9 se rencontrent raffinement et prestige. Situ\u00e9 dans un environnement &hellip;<\/p>\n","protected":false},"author":1,"featured_media":275,"parent":0,"menu_order":0,"comment_status":"closed","ping_status":"closed","template":"","meta":{"footnotes":""},"class_list":["post-222","page","type-page","status-publish","has-post-thumbnail","hentry"],"_links":{"self":[{"href":"https:\/\/bastidesderoquemaure.fr\/index.php\/wp-json\/wp\/v2\/pages\/222","targetHints":{"allow":["GET"]}}],"collection":[{"href":"https:\/\/bastidesderoquemaure.fr\/index.php\/wp-json\/wp\/v2\/pages"}],"about":[{"href":"https:\/\/bastidesderoquemaure.fr\/index.php\/wp-json\/wp\/v2\/types\/page"}],"author":[{"embeddable":true,"href":"https:\/\/bastidesderoquemaure.fr\/index.php\/wp-json\/wp\/v2\/users\/1"}],"replies":[{"embeddable":true,"href":"https:\/\/bastidesderoquemaure.fr\/index.php\/wp-json\/wp\/v2\/comments?post=222"}],"version-history":[{"count":4,"href":"https:\/\/bastidesderoquemaure.fr\/index.php\/wp-json\/wp\/v2\/pages\/222\/revisions"}],"predecessor-version":[{"id":301,"href":"https:\/\/bastidesderoquemaure.fr\/index.php\/wp-json\/wp\/v2\/pages\/222\/revisions\/301"}],"wp:featuredmedia":[{"embeddable":true,"href":"https:\/\/bastidesderoquemaure.fr\/index.php\/wp-json\/wp\/v2\/media\/275"}],"wp:attachment":[{"href":"https:\/\/bastidesderoquemaure.fr\/index.php\/wp-json\/wp\/v2\/media?parent=222"}],"curies":[{"name":"wp","href":"https:\/\/api.w.org\/{rel}","templated":true}]}}